{"id":2752,"date":"2025-08-26T13:18:23","date_gmt":"2025-08-26T11:18:23","guid":{"rendered":"https:\/\/malestuskivid.ee\/?page_id=2752"},"modified":"2025-08-26T13:24:41","modified_gmt":"2025-08-26T11:24:41","slug":"elementor-page-2752","status":"publish","type":"page","link":"https:\/\/malestuskivid.ee\/en\/elementor-page-2752\/","title":{"rendered":"Elementor Page #2752"},"content":{"rendered":"<div data-elementor-type=\"wp-page\" data-elementor-id=\"2752\" class=\"elementor elementor-2752\" data-elementor-post-type=\"page\">\n\t\t\t\t<div class=\"elementor-element elementor-element-4e5a08a e-flex e-con-boxed e-con e-parent\" data-id=\"4e5a08a\" data-element_type=\"container\" data-e-type=\"container\">\n\t\t\t\t\t<div class=\"e-con-inner\">\n\t\t\t\t<div class=\"elementor-element elementor-element-20478cd elementor-grid-3 elementor-grid-tablet-2 elementor-grid-mobile-1 elementor-posts--thumbnail-top exad-sticky-section-no exad-glass-effect-no elementor-widget elementor-widget-posts\" data-id=\"20478cd\" data-element_type=\"widget\" data-e-type=\"widget\" data-settings=\"{&quot;classic_columns&quot;:&quot;3&quot;,&quot;classic_columns_tablet&quot;:&quot;2&quot;,&quot;classic_columns_mobile&quot;:&quot;1&quot;,&quot;classic_row_gap&quot;:{&quot;unit&quot;:&quot;px&quot;,&quot;size&quot;:35,&quot;sizes&quot;:[]},&quot;classic_row_gap_tablet&quot;:{&quot;unit&quot;:&quot;px&quot;,&quot;size&quot;:&quot;&quot;,&quot;sizes&quot;:[]},&quot;classic_row_gap_mobile&quot;:{&quot;unit&quot;:&quot;px&quot;,&quot;size&quot;:&quot;&quot;,&quot;sizes&quot;:[]}}\" data-widget_type=\"posts.classic\">\n\t\t\t\t<div class=\"elementor-widget-container\">\n\t\t\t\t\t\t\t<div class=\"elementor-posts-container elementor-posts elementor-posts--skin-classic elementor-grid\" role=\"list\">\n\t\t\t\t<article class=\"elementor-post elementor-grid-item post-2783 post type-post status-publish format-standard hentry category-uncategorized-et tag-kuidas-malestada-lemmiklooma tag-lemmiklooma-malestusese\" role=\"listitem\">\n\t\t\t\t<div class=\"elementor-post__text\">\n\t\t\t\t<h3 class=\"elementor-post__title\">\n\t\t\t<a href=\"https:\/\/malestuskivid.ee\/en\/lemmiklooma-malestusmark\/\" >\n\t\t\t\tEhe, m\u00e4lestuskarp v\u00f5i portree: kuidas lahkunud lemmiklooma v\u00e4\u00e4rikalt m\u00e4lestada?\t\t\t<\/a>\n\t\t<\/h3>\n\t\t\t\t<div class=\"elementor-post__meta-data\">\n\t\t\t\t\t<span class=\"elementor-post-date\">\n\t\t\t10. Sep 2025\t\t<\/span>\n\t\t\t\t<span class=\"elementor-post-avatar\">\n\t\t\tNo Comments\t\t<\/span>\n\t\t\t\t<\/div>\n\t\t\t\t<div class=\"elementor-post__excerpt\">\n\t\t\t<p>Avaldatud 07.09.2025 Delfi Lemmiklooma rubriigis Lemmikloom on paljudele rohkem kui lihtsalt loom \u2013 ta on pereliige, kaaslane ja s\u00f5ber, kes toob ellu r\u00f5\u00f5mu, naeru ja tingimusteta armastust.Tervitab ust avades r\u00f5\u00f5msa sabaliputusega v\u00f5i nurrub \u00f5htul k\u00f5rval diivanil, kui p\u00e4ev on olnud raske.&nbsp; Lemmiku kaotus on paljude jaoks s\u00fcgavam ja valusam, kui oskame ette kujutada. Just laste jaoks on see tihti esimene kord elus, kui kogetakse p\u00e4riselt<\/p>\n\t\t<\/div>\n\t\t\n\t\t<a class=\"elementor-post__read-more\" href=\"https:\/\/malestuskivid.ee\/en\/lemmiklooma-malestusmark\/\" aria-label=\"Read more about Ehe, m\u00e4lestuskarp v\u00f5i portree: kuidas lahkunud lemmiklooma v\u00e4\u00e4rikalt m\u00e4lestada?\" tabindex=\"-1\" >\n\t\t\tRead More \u00bb\t\t<\/a>\n\n\t\t\t\t<\/div>\n\t\t\t\t<\/article>\n\t\t\t\t<article class=\"elementor-post elementor-grid-item post-2769 post type-post status-publish format-standard hentry category-uncategorized-et\" role=\"listitem\">\n\t\t\t\t<div class=\"elementor-post__text\">\n\t\t\t\t<h3 class=\"elementor-post__title\">\n\t\t\t<a href=\"https:\/\/malestuskivid.ee\/en\/tuhast-tehtud-malestuskivid-uuenduslik-viis-lahkunud-lemmiklooma-malestada\/\" >\n\t\t\t\tMemorial stones made from ashes \u2013 an innovative way to commemorate a deceased pet\t\t\t<\/a>\n\t\t<\/h3>\n\t\t\t\t<div class=\"elementor-post__meta-data\">\n\t\t\t\t\t<span class=\"elementor-post-date\">\n\t\t\t26. Aug 2025\t\t<\/span>\n\t\t\t\t<span class=\"elementor-post-avatar\">\n\t\t\tNo Comments\t\t<\/span>\n\t\t\t\t<\/div>\n\t\t\t\t<div class=\"elementor-post__excerpt\">\n\t\t\t<p>Avaldatud 2025 suvi Naisteleht 55+. Eestis m\u00e4rgitakse lemmikloomaregistrites igal aastal \u00fcle tuhande lemmiklooma surma. Mida teha selle raske elus\u00fcndmuse saabudes, otsustab iga\u00fcks ise, aga valikute tegemisel tuleb arvestada seadusest tulenevate ettekirjutustega ja leida pikaajaline lahendus nii praktilise, kui ka emotsionaalse poole pealt. Eestis v\u00f5ib tiheasustusega alal matta lemmiklooma oma kinnistule, kuid maa, kui piiratud ressursi s\u00e4\u00e4stmise teema on aasta aastalt aktuaalsem. Inimeste keskkonnateadlikkus on suurenenud,<\/p>\n\t\t<\/div>\n\t\t\n\t\t<a class=\"elementor-post__read-more\" href=\"https:\/\/malestuskivid.ee\/en\/tuhast-tehtud-malestuskivid-uuenduslik-viis-lahkunud-lemmiklooma-malestada\/\" aria-label=\"Read more about Tuhast tehtud m\u00e4lestuskivid \u2013 uuenduslik viis lahkunud lemmiklooma m\u00e4lestada\" tabindex=\"-1\" >\n\t\t\tRead More \u00bb\t\t<\/a>\n\n\t\t\t\t<\/div>\n\t\t\t\t<\/article>\n\t\t\t\t<article class=\"elementor-post elementor-grid-item post-2754 post type-post status-publish format-standard hentry category-uncategorized-et\" role=\"listitem\">\n\t\t\t\t<div class=\"elementor-post__text\">\n\t\t\t\t<h3 class=\"elementor-post__title\">\n\t\t\t<a href=\"https:\/\/malestuskivid.ee\/en\/eestlaste-usuline-eksistentsiaalne-kriis\/\" >\n\t\t\t\tThe religious existential crisis of Estonians\t\t\t<\/a>\n\t\t<\/h3>\n\t\t\t\t<div class=\"elementor-post__meta-data\">\n\t\t\t\t\t<span class=\"elementor-post-date\">\n\t\t\t26. Aug 2025\t\t<\/span>\n\t\t\t\t<span class=\"elementor-post-avatar\">\n\t\t\tNo Comments\t\t<\/span>\n\t\t\t\t<\/div>\n\t\t\t\t<div class=\"elementor-post__excerpt\">\n\t\t\t<p>Published 10.12.2024 in Eesti P\u00e4evaleht. Estonians have been called a Christian nation as a historical heritage and indeed, at least on Christmas Day, the majority find their way to the house of God. But what does faith mean to us now? According to the Statistics Estonia census, 54% of Estonians did not profess any religion in 2011 and 58% in 2021, and according to the compilers of the methodology, the increase was due to the fact that more people were ready in 2021[\u2026]<\/p>\n\t\t<\/div>\n\t\t\n\t\t<a class=\"elementor-post__read-more\" href=\"https:\/\/malestuskivid.ee\/en\/eestlaste-usuline-eksistentsiaalne-kriis\/\" aria-label=\"Read more about Eestlaste usuline eksistentsiaalne kriis\" tabindex=\"-1\" >\n\t\t\tRead More \u00bb\t\t<\/a>\n\n\t\t\t\t<\/div>\n\t\t\t\t<\/article>\n\t\t\t\t<\/div>\n\t\t\n\t\t\t\t\t\t<\/div>\n\t\t\t\t<\/div>\n\t\t\t\t\t<\/div>\n\t\t\t\t<\/div>\n\t\t\t\t<\/div>","protected":false},"excerpt":{"rendered":"","protected":false},"author":1,"featured_media":0,"parent":0,"menu_order":0,"comment_status":"closed","ping_status":"closed","template":"","meta":{"_surecart_dashboard_logo_width":"180px","_surecart_dashboard_show_logo":true,"_surecart_dashboard_navigation_orders":true,"_surecart_dashboard_navigation_invoices":true,"_surecart_dashboard_navigation_subscriptions":true,"_surecart_dashboard_navigation_downloads":true,"_surecart_dashboard_navigation_billing":true,"_surecart_dashboard_navigation_account":true,"_monsterinsights_skip_tracking":false,"_monsterinsights_sitenote_active":false,"_monsterinsights_sitenote_note":"","_monsterinsights_sitenote_category":0,"site-sidebar-layout":"no-sidebar","site-content-layout":"page-builder","ast-site-content-layout":"full-width-container","site-content-style":"default","site-sidebar-style":"default","ast-global-header-display":"","ast-banner-title-visibility":"","ast-main-header-display":"","ast-hfb-above-header-display":"","ast-hfb-below-header-display":"","ast-hfb-mobile-header-display":"","site-post-title":"disabled","ast-breadcrumbs-content":"","ast-featured-img":"disabled","footer-sml-layout":"","theme-transparent-header-meta":"","adv-header-id-meta":"","stick-header-meta":"","header-above-stick-meta":"","header-main-stick-meta":"","header-below-stick-meta":"","astra-migrate-meta-layouts":"default","ast-page-background-enabled":"default","ast-page-background-meta":{"desktop":{"background-color":"var(--ast-global-color-4)","background-image":"","background-repeat":"repeat","background-position":"center center","background-size":"auto","background-attachment":"scroll","background-type":"","background-media":"","overlay-type":"","overlay-color":"","overlay-opacity":"","overlay-gradient":""},"tablet":{"background-color":"","background-image":"","background-repeat":"repeat","background-position":"center center","background-size":"auto","background-attachment":"scroll","background-type":"","background-media":"","overlay-type":"","overlay-color":"","overlay-opacity":"","overlay-gradient":""},"mobile":{"background-color":"","background-image":"","background-repeat":"repeat","background-position":"center center","background-size":"auto","background-attachment":"scroll","background-type":"","background-media":"","overlay-type":"","overlay-color":"","overlay-opacity":"","overlay-gradient":""}},"ast-content-background-meta":{"desktop":{"background-color":"var(--ast-global-color-5)","background-image":"","background-repeat":"repeat","background-position":"center center","background-size":"auto","background-attachment":"scroll","background-type":"","background-media":"","overlay-type":"","overlay-color":"","overlay-opacity":"","overlay-gradient":""},"tablet":{"background-color":"var(--ast-global-color-5)","background-image":"","background-repeat":"repeat","background-position":"center center","background-size":"auto","background-attachment":"scroll","background-type":"","background-media":"","overlay-type":"","overlay-color":"","overlay-opacity":"","overlay-gradient":""},"mobile":{"background-color":"var(--ast-global-color-5)","background-image":"","background-repeat":"repeat","background-position":"center center","background-size":"auto","background-attachment":"scroll","background-type":"","background-media":"","overlay-type":"","overlay-color":"","overlay-opacity":"","overlay-gradient":""}},"footnotes":""},"class_list":["post-2752","page","type-page","status-publish","hentry"],"yoast_head":"<!-- This site is optimized with the Yoast SEO plugin v27.5 - https:\/\/yoast.com\/product\/yoast-seo-wordpress\/ -->\n<title>Elementor Page #2752 - M\u00e4lestuskivid<\/title>\n<meta name=\"robots\" content=\"index, follow, max-snippet:-1, max-image-preview:large, max-video-preview:-1\" \/>\n<link rel=\"canonical\" href=\"https:\/\/malestuskivid.ee\/en\/elementor-page-2752\/\" \/>\n<meta property=\"og:locale\" content=\"en_GB\" \/>\n<meta property=\"og:type\" content=\"article\" \/>\n<meta property=\"og:title\" content=\"Elementor Page #2752 - M\u00e4lestuskivid\" \/>\n<meta property=\"og:url\" content=\"https:\/\/malestuskivid.ee\/en\/elementor-page-2752\/\" \/>\n<meta property=\"og:site_name\" content=\"M\u00e4lestuskivid\" \/>\n<meta property=\"article:modified_time\" content=\"2025-08-26T11:24:41+00:00\" \/>\n<meta property=\"og:image\" content=\"https:\/\/malestuskivid.ee\/wp-content\/uploads\/2025\/01\/cropped-malestuskivid_signatuur.png\" \/>\n\t<meta property=\"og:image:width\" content=\"500\" \/>\n\t<meta property=\"og:image:height\" content=\"500\" \/>\n\t<meta property=\"og:image:type\" content=\"image\/png\" \/>\n<meta name=\"twitter:card\" content=\"summary_large_image\" \/>\n<meta name=\"twitter:label1\" content=\"Estimated reading time\" \/>\n\t<meta name=\"twitter:data1\" content=\"1 minute\" \/>\n<script type=\"application\/ld+json\" class=\"yoast-schema-graph\">{\"@context\":\"https:\\\/\\\/schema.org\",\"@graph\":[{\"@type\":\"WebPage\",\"@id\":\"https:\\\/\\\/malestuskivid.ee\\\/elementor-page-2752\\\/\",\"url\":\"https:\\\/\\\/malestuskivid.ee\\\/elementor-page-2752\\\/\",\"name\":\"Elementor Page #2752 - M\u00e4lestuskivid\",\"isPartOf\":{\"@id\":\"https:\\\/\\\/malestuskivid.ee\\\/#website\"},\"datePublished\":\"2025-08-26T11:18:23+00:00\",\"dateModified\":\"2025-08-26T11:24:41+00:00\",\"breadcrumb\":{\"@id\":\"https:\\\/\\\/malestuskivid.ee\\\/elementor-page-2752\\\/#breadcrumb\"},\"inLanguage\":\"en-GB\",\"potentialAction\":[{\"@type\":\"ReadAction\",\"target\":[\"https:\\\/\\\/malestuskivid.ee\\\/elementor-page-2752\\\/\"]}]},{\"@type\":\"BreadcrumbList\",\"@id\":\"https:\\\/\\\/malestuskivid.ee\\\/elementor-page-2752\\\/#breadcrumb\",\"itemListElement\":[{\"@type\":\"ListItem\",\"position\":1,\"name\":\"Home\",\"item\":\"https:\\\/\\\/malestuskivid.ee\\\/\"},{\"@type\":\"ListItem\",\"position\":2,\"name\":\"Elementor Page #2752\"}]},{\"@type\":\"WebSite\",\"@id\":\"https:\\\/\\\/malestuskivid.ee\\\/#website\",\"url\":\"https:\\\/\\\/malestuskivid.ee\\\/\",\"name\":\"M\u00e4lestuskivid\",\"description\":\"veebileht\",\"publisher\":{\"@id\":\"https:\\\/\\\/malestuskivid.ee\\\/#organization\"},\"potentialAction\":[{\"@type\":\"SearchAction\",\"target\":{\"@type\":\"EntryPoint\",\"urlTemplate\":\"https:\\\/\\\/malestuskivid.ee\\\/?s={search_term_string}\"},\"query-input\":{\"@type\":\"PropertyValueSpecification\",\"valueRequired\":true,\"valueName\":\"search_term_string\"}}],\"inLanguage\":\"en-GB\"},{\"@type\":\"Organization\",\"@id\":\"https:\\\/\\\/malestuskivid.ee\\\/#organization\",\"name\":\"M\u00e4lestuskivid\",\"url\":\"https:\\\/\\\/malestuskivid.ee\\\/\",\"logo\":{\"@type\":\"ImageObject\",\"inLanguage\":\"en-GB\",\"@id\":\"https:\\\/\\\/malestuskivid.ee\\\/#\\\/schema\\\/logo\\\/image\\\/\",\"url\":\"\",\"contentUrl\":\"\",\"caption\":\"M\u00e4lestuskivid\"},\"image\":{\"@id\":\"https:\\\/\\\/malestuskivid.ee\\\/#\\\/schema\\\/logo\\\/image\\\/\"}}]}<\/script>\n<!-- \/ Yoast SEO plugin. -->","yoast_head_json":{"title":"Elementor Page #2752 - M\u00e4lestuskivid","robots":{"index":"index","follow":"follow","max-snippet":"max-snippet:-1","max-image-preview":"max-image-preview:large","max-video-preview":"max-video-preview:-1"},"canonical":"https:\/\/malestuskivid.ee\/en\/elementor-page-2752\/","og_locale":"en_GB","og_type":"article","og_title":"Elementor Page #2752 - M\u00e4lestuskivid","og_url":"https:\/\/malestuskivid.ee\/en\/elementor-page-2752\/","og_site_name":"M\u00e4lestuskivid","article_modified_time":"2025-08-26T11:24:41+00:00","og_image":[{"width":500,"height":500,"url":"https:\/\/malestuskivid.ee\/wp-content\/uploads\/2025\/01\/cropped-malestuskivid_signatuur.png","type":"image\/png"}],"twitter_card":"summary_large_image","twitter_misc":{"Estimated reading time":"1 minute"},"schema":{"@context":"https:\/\/schema.org","@graph":[{"@type":"WebPage","@id":"https:\/\/malestuskivid.ee\/elementor-page-2752\/","url":"https:\/\/malestuskivid.ee\/elementor-page-2752\/","name":"Elementor Page #2752 - M\u00e4lestuskivid","isPartOf":{"@id":"https:\/\/malestuskivid.ee\/#website"},"datePublished":"2025-08-26T11:18:23+00:00","dateModified":"2025-08-26T11:24:41+00:00","breadcrumb":{"@id":"https:\/\/malestuskivid.ee\/elementor-page-2752\/#breadcrumb"},"inLanguage":"en-GB","potentialAction":[{"@type":"ReadAction","target":["https:\/\/malestuskivid.ee\/elementor-page-2752\/"]}]},{"@type":"BreadcrumbList","@id":"https:\/\/malestuskivid.ee\/elementor-page-2752\/#breadcrumb","itemListElement":[{"@type":"ListItem","position":1,"name":"Home","item":"https:\/\/malestuskivid.ee\/"},{"@type":"ListItem","position":2,"name":"Elementor Page #2752"}]},{"@type":"WebSite","@id":"https:\/\/malestuskivid.ee\/#website","url":"https:\/\/malestuskivid.ee\/","name":"M\u00e4lestuskivid","description":"veebileht","publisher":{"@id":"https:\/\/malestuskivid.ee\/#organization"},"potentialAction":[{"@type":"SearchAction","target":{"@type":"EntryPoint","urlTemplate":"https:\/\/malestuskivid.ee\/?s={search_term_string}"},"query-input":{"@type":"PropertyValueSpecification","valueRequired":true,"valueName":"search_term_string"}}],"inLanguage":"en-GB"},{"@type":"Organization","@id":"https:\/\/malestuskivid.ee\/#organization","name":"M\u00e4lestuskivid","url":"https:\/\/malestuskivid.ee\/","logo":{"@type":"ImageObject","inLanguage":"en-GB","@id":"https:\/\/malestuskivid.ee\/#\/schema\/logo\/image\/","url":"","contentUrl":"","caption":"M\u00e4lestuskivid"},"image":{"@id":"https:\/\/malestuskivid.ee\/#\/schema\/logo\/image\/"}}]}},"_links":{"self":[{"href":"https:\/\/malestuskivid.ee\/en\/wp-json\/wp\/v2\/pages\/2752","targetHints":{"allow":["GET"]}}],"collection":[{"href":"https:\/\/malestuskivid.ee\/en\/wp-json\/wp\/v2\/pages"}],"about":[{"href":"https:\/\/malestuskivid.ee\/en\/wp-json\/wp\/v2\/types\/page"}],"author":[{"embeddable":true,"href":"https:\/\/malestuskivid.ee\/en\/wp-json\/wp\/v2\/users\/1"}],"replies":[{"embeddable":true,"href":"https:\/\/malestuskivid.ee\/en\/wp-json\/wp\/v2\/comments?post=2752"}],"version-history":[{"count":5,"href":"https:\/\/malestuskivid.ee\/en\/wp-json\/wp\/v2\/pages\/2752\/revisions"}],"predecessor-version":[{"id":2761,"href":"https:\/\/malestuskivid.ee\/en\/wp-json\/wp\/v2\/pages\/2752\/revisions\/2761"}],"wp:attachment":[{"href":"https:\/\/malestuskivid.ee\/en\/wp-json\/wp\/v2\/media?parent=2752"}],"curies":[{"name":"wp","href":"https:\/\/api.w.org\/{rel}","templated":true}]}}