{"id":1936,"date":"2025-01-23T15:59:24","date_gmt":"2025-01-23T13:59:24","guid":{"rendered":"https:\/\/malestuskivid.ee\/?page_id=1936"},"modified":"2025-03-16T11:35:13","modified_gmt":"2025-03-16T09:35:13","slug":"muugi-ja-tarnetingimused","status":"publish","type":"page","link":"https:\/\/malestuskivid.ee\/en\/muugi-ja-tarnetingimused\/","title":{"rendered":"Terms of sale and delivery"},"content":{"rendered":"<h2 class=\"wp-block-heading\">Terms of sale and delivery<\/h2>\r\n<p>The owner of the online store malestuskivid.ee (hereinafter the Online Store) is M\u00e4lestuskivid LLC (registration code 17146251), located at \u00dclgase tee 15, Kallavere, Harju County, Estonia.<\/p>\r\n<p>The terms of sale apply to the purchase of products from the Online Store.<br \/>The prices of products sold in the Online Store are indicated next to the products. The price does not include VAT or a delivery surcharge.<\/p>\r\n<h4>Placing an order<\/h4>\r\n<p>To order goods from the Online Store, you must add the desired products to the shopping cart. To place an order, you must fill in the required data fields. You can pay for the order via a bank link (Swedbank, SEB, LHV, Coop, Luminor, Citadele, \u0160iauli\u0173 bankas, Urbo bankas, Revolut Bank), by invoice or by debit card (Visa and MasterCard). Bank link and bank card payments are mediated and offered by Swedbank. M\u00e4lestuskivid O\u00dc is the controller of personal data, M\u00e4lestuskivid O\u00dc forwards the personal data necessary for making payments to the authorized processor Swedbank. Products are paid for in euros (\u20ac). The contract enters into force upon receipt of the amount due to the Online Store.<\/p>\r\n<h4>Delivery<\/h4>\r\n<p>Delivery of the goods is free of charge. In mainland Estonia, generally by courier, alternatively to a post office box. On the Estonian islands and elsewhere in Europe, to a post office box. The order processing time is typically 21 calendar days from the arrival of the ashes to M\u00e4lestuskivid LLC, plus the delivery time. In exceptional cases, the order has the right to be delivered within 45 calendar days (the customer will be notified of this).<\/p>\r\n<h4 class=\"wp-block-heading\">Right of withdrawal and complaints<\/h4>\r\n<!-- \/wp:post-content -->\r\n\r\n<!-- wp:paragraph -->\r\n<p>According to Section 53 (4) of the Law of Obligations Act of Estonia, the right of withdrawal is not provided for contracts concluded for the transfer of a thing that is made taking into account the personal needs of the consumer who is a party to the contract; which is made in accordance with the conditions provided by the consumer. If for any reason you are not satisfied with the memorial stone products we have created, please contact info@malestuskivid.ee, +372 5333 5054. We will do our best to correct any deficiencies in the products.\u00a0<\/p>\r\n<p>If the buyer and the Online Store cannot resolve the dispute by agreement, the buyer may contact the Consumer Disputes Commission. The procedural terms and conditions can be viewed and an application submitted at\u00a0<a href=\"https:\/\/ttja.ee\/en\/consumer-disputes-committee\">https:\/\/ttja.ee\/en\/consumer-disputes-committee<\/a>. The Consumer Disputes Commission is competent to resolve disputes arising from the contract concluded between the buyer and the Online Store. The review of the buyer's complaint by the Commission is free of charge.<br \/>The buyer may contact the European Union's consumer dispute resolution platform\u00a0<a href=\"https:\/\/consumer.ee\/en\/\">https:\/\/consumer.ee\/en\/<\/a>\u00a0.<\/p>","protected":false},"excerpt":{"rendered":"<p>M\u00fc\u00fcgi- ja tarnetingimused Veebipoe malestuskivid.ee (edaspidi Veebipood) omanik on M\u00e4lestuskivid O\u00dc (registrikood 17146251), asukohaga \u00dclgase tee 15, Kallavere, Harjumaa, Eesti. M\u00fc\u00fcgitingimused kehtivad Veebipoest toodete ostmisel.Veebipoes m\u00fc\u00fcdavate toodete hinnad on m\u00e4rgitud toodete juurde.\u00a0 Hinnale ei lisandu k\u00e4ibemaksu ega k\u00e4ttetoimetamise lisatasu. Tellimuse vormistamine E-poest kauba tellimiseks tuleb lisada soovitud tooted ostukorvi. Tellimuse vormistamiseks tuleb t\u00e4ita n\u00f5utud andmev\u00e4ljad. Tellimuse eest saab tasuda pangalingi kaudu (Swedbank, SEB, LHV, Coop, [&hellip;]<\/p>","protected":false},"author":1,"featured_media":0,"parent":0,"menu_order":0,"comment_status":"closed","ping_status":"closed","template":"","meta":{"_surecart_dashboard_logo_width":"180px","_surecart_dashboard_show_logo":true,"_surecart_dashboard_navigation_orders":true,"_surecart_dashboard_navigation_invoices":true,"_surecart_dashboard_navigation_subscriptions":true,"_surecart_dashboard_navigation_downloads":true,"_surecart_dashboard_navigation_billing":true,"_surecart_dashboard_navigation_account":true,"_monsterinsights_skip_tracking":false,"_monsterinsights_sitenote_active":false,"_monsterinsights_sitenote_note":"","_monsterinsights_sitenote_category":0,"site-sidebar-layout":"default","site-content-layout":"","ast-site-content-layout":"default","site-content-style":"default","site-sidebar-style":"default","ast-global-header-display":"","ast-banner-title-visibility":"","ast-main-header-display":"","ast-hfb-above-header-display":"","ast-hfb-below-header-display":"","ast-hfb-mobile-header-display":"","site-post-title":"","ast-breadcrumbs-content":"","ast-featured-img":"","footer-sml-layout":"","theme-transparent-header-meta":"default","adv-header-id-meta":"","stick-header-meta":"default","header-above-stick-meta":"","header-main-stick-meta":"","header-below-stick-meta":"","astra-migrate-meta-layouts":"set","ast-page-background-enabled":"default","ast-page-background-meta":{"desktop":{"background-color":"var(--ast-global-color-4)","background-image":"","background-repeat":"repeat","background-position":"center center","background-size":"auto","background-attachment":"scroll","background-type":"","background-media":"","overlay-type":"","overlay-color":"","overlay-opacity":"","overlay-gradient":""},"tablet":{"background-color":"","background-image":"","background-repeat":"repeat","background-position":"center center","background-size":"auto","background-attachment":"scroll","background-type":"","background-media":"","overlay-type":"","overlay-color":"","overlay-opacity":"","overlay-gradient":""},"mobile":{"background-color":"","background-image":"","background-repeat":"repeat","background-position":"center center","background-size":"auto","background-attachment":"scroll","background-type":"","background-media":"","overlay-type":"","overlay-color":"","overlay-opacity":"","overlay-gradient":""}},"ast-content-background-meta":{"desktop":{"background-color":"var(--ast-global-color-5)","background-image":"","background-repeat":"repeat","background-position":"center center","background-size":"auto","background-attachment":"scroll","background-type":"","background-media":"","overlay-type":"","overlay-color":"","overlay-opacity":"","overlay-gradient":""},"tablet":{"background-color":"var(--ast-global-color-5)","background-image":"","background-repeat":"repeat","background-position":"center center","background-size":"auto","background-attachment":"scroll","background-type":"","background-media":"","overlay-type":"","overlay-color":"","overlay-opacity":"","overlay-gradient":""},"mobile":{"background-color":"var(--ast-global-color-5)","background-image":"","background-repeat":"repeat","background-position":"center center","background-size":"auto","background-attachment":"scroll","background-type":"","background-media":"","overlay-type":"","overlay-color":"","overlay-opacity":"","overlay-gradient":""}},"footnotes":""},"class_list":["post-1936","page","type-page","status-publish","hentry"],"yoast_head":"<!-- This site is optimized with the Yoast SEO plugin v27.6 - https:\/\/yoast.com\/product\/yoast-seo-wordpress\/ -->\n<title>M\u00fc\u00fcgi- ja tarnetingimused - M\u00e4lestuskivid \/memorial stones from pets cremains<\/title>\n<meta name=\"description\" content=\"Contact us for additional information on getting memorial stones of your pet\u00b4s cremains, which can be ordered within Baltics and Scandinavia region. - M\u00e4lestuskivid O\u00dc teenindab Baltikumis ja Skandinaavias.\" \/>\n<meta name=\"robots\" content=\"index, follow, max-snippet:-1, max-image-preview:large, max-video-preview:-1\" \/>\n<link rel=\"canonical\" href=\"https:\/\/malestuskivid.ee\/en\/muugi-ja-tarnetingimused\/\" \/>\n<meta property=\"og:locale\" content=\"en_GB\" \/>\n<meta property=\"og:type\" content=\"article\" \/>\n<meta property=\"og:title\" content=\"M\u00fc\u00fcgi- ja tarnetingimused - M\u00e4lestuskivid \/memorial stones from pets cremains\" \/>\n<meta property=\"og:description\" content=\"Contact us for additional information on getting memorial stones of your pet\u00b4s cremains, which can be ordered within Baltics and Scandinavia region. - M\u00e4lestuskivid O\u00dc teenindab Baltikumis ja Skandinaavias.\" \/>\n<meta property=\"og:url\" content=\"https:\/\/malestuskivid.ee\/en\/muugi-ja-tarnetingimused\/\" \/>\n<meta property=\"og:site_name\" content=\"M\u00e4lestuskivid\" \/>\n<meta property=\"article:modified_time\" content=\"2025-03-16T09:35:13+00:00\" \/>\n<meta property=\"og:image\" content=\"https:\/\/malestuskivid.ee\/wp-content\/uploads\/2025\/01\/cropped-malestuskivid_signatuur.png\" \/>\n\t<meta property=\"og:image:width\" content=\"500\" \/>\n\t<meta property=\"og:image:height\" content=\"500\" \/>\n\t<meta property=\"og:image:type\" content=\"image\/png\" \/>\n<meta name=\"twitter:card\" content=\"summary_large_image\" \/>\n<meta name=\"twitter:label1\" content=\"Estimated reading time\" \/>\n\t<meta name=\"twitter:data1\" content=\"2 minutes\" \/>\n<script type=\"application\/ld+json\" class=\"yoast-schema-graph\">{\"@context\":\"https:\\\/\\\/schema.org\",\"@graph\":[{\"@type\":\"WebPage\",\"@id\":\"https:\\\/\\\/malestuskivid.ee\\\/muugi-ja-tarnetingimused\\\/\",\"url\":\"https:\\\/\\\/malestuskivid.ee\\\/muugi-ja-tarnetingimused\\\/\",\"name\":\"M\u00fc\u00fcgi- ja tarnetingimused - M\u00e4lestuskivid \\\/memorial stones from pets cremains\",\"isPartOf\":{\"@id\":\"https:\\\/\\\/malestuskivid.ee\\\/#website\"},\"datePublished\":\"2025-01-23T13:59:24+00:00\",\"dateModified\":\"2025-03-16T09:35:13+00:00\",\"description\":\"Contact us for additional information on getting memorial stones of your pet\u00b4s cremains, which can be ordered within Baltics and Scandinavia region. - M\u00e4lestuskivid O\u00dc teenindab Baltikumis ja Skandinaavias.\",\"breadcrumb\":{\"@id\":\"https:\\\/\\\/malestuskivid.ee\\\/muugi-ja-tarnetingimused\\\/#breadcrumb\"},\"inLanguage\":\"en-GB\",\"potentialAction\":[{\"@type\":\"ReadAction\",\"target\":[\"https:\\\/\\\/malestuskivid.ee\\\/muugi-ja-tarnetingimused\\\/\"]}]},{\"@type\":\"BreadcrumbList\",\"@id\":\"https:\\\/\\\/malestuskivid.ee\\\/muugi-ja-tarnetingimused\\\/#breadcrumb\",\"itemListElement\":[{\"@type\":\"ListItem\",\"position\":1,\"name\":\"Home\",\"item\":\"https:\\\/\\\/malestuskivid.ee\\\/\"},{\"@type\":\"ListItem\",\"position\":2,\"name\":\"M\u00fc\u00fcgi- ja tarnetingimused\"}]},{\"@type\":\"WebSite\",\"@id\":\"https:\\\/\\\/malestuskivid.ee\\\/#website\",\"url\":\"https:\\\/\\\/malestuskivid.ee\\\/\",\"name\":\"M\u00e4lestuskivid\",\"description\":\"veebileht\",\"publisher\":{\"@id\":\"https:\\\/\\\/malestuskivid.ee\\\/#organization\"},\"potentialAction\":[{\"@type\":\"SearchAction\",\"target\":{\"@type\":\"EntryPoint\",\"urlTemplate\":\"https:\\\/\\\/malestuskivid.ee\\\/?s={search_term_string}\"},\"query-input\":{\"@type\":\"PropertyValueSpecification\",\"valueRequired\":true,\"valueName\":\"search_term_string\"}}],\"inLanguage\":\"en-GB\"},{\"@type\":\"Organization\",\"@id\":\"https:\\\/\\\/malestuskivid.ee\\\/#organization\",\"name\":\"M\u00e4lestuskivid\",\"url\":\"https:\\\/\\\/malestuskivid.ee\\\/\",\"logo\":{\"@type\":\"ImageObject\",\"inLanguage\":\"en-GB\",\"@id\":\"https:\\\/\\\/malestuskivid.ee\\\/#\\\/schema\\\/logo\\\/image\\\/\",\"url\":\"\",\"contentUrl\":\"\",\"caption\":\"M\u00e4lestuskivid\"},\"image\":{\"@id\":\"https:\\\/\\\/malestuskivid.ee\\\/#\\\/schema\\\/logo\\\/image\\\/\"}}]}<\/script>\n<!-- \/ Yoast SEO plugin. -->","yoast_head_json":{"title":"M\u00fc\u00fcgi- ja tarnetingimused - M\u00e4lestuskivid \/memorial stones from pets cremains","description":"Contact us for additional information on getting memorial stones of your pet\u00b4s cremains, which can be ordered within Baltics and Scandinavia region. - M\u00e4lestuskivid O\u00dc teenindab Baltikumis ja Skandinaavias.","robots":{"index":"index","follow":"follow","max-snippet":"max-snippet:-1","max-image-preview":"max-image-preview:large","max-video-preview":"max-video-preview:-1"},"canonical":"https:\/\/malestuskivid.ee\/en\/muugi-ja-tarnetingimused\/","og_locale":"en_GB","og_type":"article","og_title":"M\u00fc\u00fcgi- ja tarnetingimused - M\u00e4lestuskivid \/memorial stones from pets cremains","og_description":"Contact us for additional information on getting memorial stones of your pet\u00b4s cremains, which can be ordered within Baltics and Scandinavia region. - M\u00e4lestuskivid O\u00dc teenindab Baltikumis ja Skandinaavias.","og_url":"https:\/\/malestuskivid.ee\/en\/muugi-ja-tarnetingimused\/","og_site_name":"M\u00e4lestuskivid","article_modified_time":"2025-03-16T09:35:13+00:00","og_image":[{"width":500,"height":500,"url":"https:\/\/malestuskivid.ee\/wp-content\/uploads\/2025\/01\/cropped-malestuskivid_signatuur.png","type":"image\/png"}],"twitter_card":"summary_large_image","twitter_misc":{"Estimated reading time":"2 minutes"},"schema":{"@context":"https:\/\/schema.org","@graph":[{"@type":"WebPage","@id":"https:\/\/malestuskivid.ee\/muugi-ja-tarnetingimused\/","url":"https:\/\/malestuskivid.ee\/muugi-ja-tarnetingimused\/","name":"M\u00fc\u00fcgi- ja tarnetingimused - M\u00e4lestuskivid \/memorial stones from pets cremains","isPartOf":{"@id":"https:\/\/malestuskivid.ee\/#website"},"datePublished":"2025-01-23T13:59:24+00:00","dateModified":"2025-03-16T09:35:13+00:00","description":"Contact us for additional information on getting memorial stones of your pet\u00b4s cremains, which can be ordered within Baltics and Scandinavia region. - M\u00e4lestuskivid O\u00dc teenindab Baltikumis ja Skandinaavias.","breadcrumb":{"@id":"https:\/\/malestuskivid.ee\/muugi-ja-tarnetingimused\/#breadcrumb"},"inLanguage":"en-GB","potentialAction":[{"@type":"ReadAction","target":["https:\/\/malestuskivid.ee\/muugi-ja-tarnetingimused\/"]}]},{"@type":"BreadcrumbList","@id":"https:\/\/malestuskivid.ee\/muugi-ja-tarnetingimused\/#breadcrumb","itemListElement":[{"@type":"ListItem","position":1,"name":"Home","item":"https:\/\/malestuskivid.ee\/"},{"@type":"ListItem","position":2,"name":"M\u00fc\u00fcgi- ja tarnetingimused"}]},{"@type":"WebSite","@id":"https:\/\/malestuskivid.ee\/#website","url":"https:\/\/malestuskivid.ee\/","name":"M\u00e4lestuskivid","description":"veebileht","publisher":{"@id":"https:\/\/malestuskivid.ee\/#organization"},"potentialAction":[{"@type":"SearchAction","target":{"@type":"EntryPoint","urlTemplate":"https:\/\/malestuskivid.ee\/?s={search_term_string}"},"query-input":{"@type":"PropertyValueSpecification","valueRequired":true,"valueName":"search_term_string"}}],"inLanguage":"en-GB"},{"@type":"Organization","@id":"https:\/\/malestuskivid.ee\/#organization","name":"M\u00e4lestuskivid","url":"https:\/\/malestuskivid.ee\/","logo":{"@type":"ImageObject","inLanguage":"en-GB","@id":"https:\/\/malestuskivid.ee\/#\/schema\/logo\/image\/","url":"","contentUrl":"","caption":"M\u00e4lestuskivid"},"image":{"@id":"https:\/\/malestuskivid.ee\/#\/schema\/logo\/image\/"}}]}},"_links":{"self":[{"href":"https:\/\/malestuskivid.ee\/en\/wp-json\/wp\/v2\/pages\/1936","targetHints":{"allow":["GET"]}}],"collection":[{"href":"https:\/\/malestuskivid.ee\/en\/wp-json\/wp\/v2\/pages"}],"about":[{"href":"https:\/\/malestuskivid.ee\/en\/wp-json\/wp\/v2\/types\/page"}],"author":[{"embeddable":true,"href":"https:\/\/malestuskivid.ee\/en\/wp-json\/wp\/v2\/users\/1"}],"replies":[{"embeddable":true,"href":"https:\/\/malestuskivid.ee\/en\/wp-json\/wp\/v2\/comments?post=1936"}],"version-history":[{"count":5,"href":"https:\/\/malestuskivid.ee\/en\/wp-json\/wp\/v2\/pages\/1936\/revisions"}],"predecessor-version":[{"id":2405,"href":"https:\/\/malestuskivid.ee\/en\/wp-json\/wp\/v2\/pages\/1936\/revisions\/2405"}],"wp:attachment":[{"href":"https:\/\/malestuskivid.ee\/en\/wp-json\/wp\/v2\/media?parent=1936"}],"curies":[{"name":"wp","href":"https:\/\/api.w.org\/{rel}","templated":true}]}}