{"id":1845,"date":"2025-01-17T11:49:52","date_gmt":"2025-01-17T09:49:52","guid":{"rendered":"https:\/\/malestuskivid.ee\/ostukorv-2\/"},"modified":"2025-03-16T11:39:32","modified_gmt":"2025-03-16T09:39:32","slug":"ostukorv","status":"publish","type":"page","link":"https:\/\/malestuskivid.ee\/en\/ostukorv\/","title":{"rendered":"Cart"},"content":{"rendered":"","protected":false},"excerpt":{"rendered":"","protected":false},"author":1,"featured_media":0,"parent":0,"menu_order":0,"comment_status":"closed","ping_status":"closed","template":"","meta":{"_surecart_dashboard_logo_width":"180px","_surecart_dashboard_show_logo":true,"_surecart_dashboard_navigation_orders":true,"_surecart_dashboard_navigation_invoices":true,"_surecart_dashboard_navigation_subscriptions":true,"_surecart_dashboard_navigation_downloads":true,"_surecart_dashboard_navigation_billing":true,"_surecart_dashboard_navigation_account":true,"_monsterinsights_skip_tracking":false,"_monsterinsights_sitenote_active":false,"_monsterinsights_sitenote_note":"","_monsterinsights_sitenote_category":0,"site-sidebar-layout":"no-sidebar","site-content-layout":"page-builder","ast-site-content-layout":"default","site-content-style":"default","site-sidebar-style":"default","ast-global-header-display":"","ast-banner-title-visibility":"","ast-main-header-display":"","ast-hfb-above-header-display":"","ast-hfb-below-header-display":"","ast-hfb-mobile-header-display":"","site-post-title":"disabled","ast-breadcrumbs-content":"","ast-featured-img":"disabled","footer-sml-layout":"","theme-transparent-header-meta":"default","adv-header-id-meta":"","stick-header-meta":"default","header-above-stick-meta":"","header-main-stick-meta":"","header-below-stick-meta":"","astra-migrate-meta-layouts":"set","ast-page-background-enabled":"default","ast-page-background-meta":{"desktop":{"background-color":"var(--ast-global-color-4)","background-image":"","background-repeat":"repeat","background-position":"center center","background-size":"auto","background-attachment":"scroll","background-type":"","background-media":"","overlay-type":"","overlay-color":"","overlay-opacity":"","overlay-gradient":""},"tablet":{"background-color":"","background-image":"","background-repeat":"repeat","background-position":"center center","background-size":"auto","background-attachment":"scroll","background-type":"","background-media":"","overlay-type":"","overlay-color":"","overlay-opacity":"","overlay-gradient":""},"mobile":{"background-color":"","background-image":"","background-repeat":"repeat","background-position":"center center","background-size":"auto","background-attachment":"scroll","background-type":"","background-media":"","overlay-type":"","overlay-color":"","overlay-opacity":"","overlay-gradient":""}},"ast-content-background-meta":{"desktop":{"background-color":"var(--ast-global-color-5)","background-image":"","background-repeat":"repeat","background-position":"center center","background-size":"auto","background-attachment":"scroll","background-type":"","background-media":"","overlay-type":"","overlay-color":"","overlay-opacity":"","overlay-gradient":""},"tablet":{"background-color":"var(--ast-global-color-5)","background-image":"","background-repeat":"repeat","background-position":"center center","background-size":"auto","background-attachment":"scroll","background-type":"","background-media":"","overlay-type":"","overlay-color":"","overlay-opacity":"","overlay-gradient":""},"mobile":{"background-color":"var(--ast-global-color-5)","background-image":"","background-repeat":"repeat","background-position":"center center","background-size":"auto","background-attachment":"scroll","background-type":"","background-media":"","overlay-type":"","overlay-color":"","overlay-opacity":"","overlay-gradient":""}},"footnotes":""},"class_list":["post-1845","page","type-page","status-publish","hentry"],"yoast_head":"<!-- This site is optimized with the Yoast SEO plugin v27.6 - https:\/\/yoast.com\/product\/yoast-seo-wordpress\/ -->\n<title>Ostukorv - M\u00e4lestuskivid - m\u00e4lestustooted - tasuta transport<\/title>\n<meta name=\"description\" content=\"Tasuta transport tuha viimisel ja m\u00e4lestuskivide toomisel teieni Mandri-Eestis kulleriga, saartel pakiautomaati. Free transportation for sending cremains and receiving memorial stones via postal service.\" \/>\n<meta name=\"robots\" content=\"index, follow, max-snippet:-1, max-image-preview:large, max-video-preview:-1\" \/>\n<link rel=\"canonical\" href=\"https:\/\/malestuskivid.ee\/en\/ostukorv\/\" \/>\n<meta property=\"og:locale\" content=\"en_GB\" \/>\n<meta property=\"og:type\" content=\"article\" \/>\n<meta property=\"og:title\" content=\"Ostukorv - M\u00e4lestuskivid - m\u00e4lestustooted - tasuta transport\" \/>\n<meta property=\"og:description\" content=\"Tasuta transport tuha viimisel ja m\u00e4lestuskivide toomisel teieni Mandri-Eestis kulleriga, saartel pakiautomaati. Free transportation for sending cremains and receiving memorial stones via postal service.\" \/>\n<meta property=\"og:url\" content=\"https:\/\/malestuskivid.ee\/en\/ostukorv\/\" \/>\n<meta property=\"og:site_name\" content=\"M\u00e4lestuskivid\" \/>\n<meta property=\"article:modified_time\" content=\"2025-03-16T09:39:32+00:00\" \/>\n<meta property=\"og:image\" content=\"https:\/\/malestuskivid.ee\/wp-content\/uploads\/2025\/01\/cropped-malestuskivid_signatuur.png\" \/>\n\t<meta property=\"og:image:width\" content=\"500\" \/>\n\t<meta property=\"og:image:height\" content=\"500\" \/>\n\t<meta property=\"og:image:type\" content=\"image\/png\" \/>\n<meta name=\"twitter:card\" content=\"summary_large_image\" \/>\n<meta name=\"twitter:label1\" content=\"Estimated reading time\" \/>\n\t<meta name=\"twitter:data1\" content=\"1 minute\" \/>\n<script type=\"application\/ld+json\" class=\"yoast-schema-graph\">{\"@context\":\"https:\\\/\\\/schema.org\",\"@graph\":[{\"@type\":\"WebPage\",\"@id\":\"https:\\\/\\\/malestuskivid.ee\\\/ostukorv\\\/\",\"url\":\"https:\\\/\\\/malestuskivid.ee\\\/ostukorv\\\/\",\"name\":\"Ostukorv - M\u00e4lestuskivid - m\u00e4lestustooted - tasuta transport\",\"isPartOf\":{\"@id\":\"https:\\\/\\\/malestuskivid.ee\\\/#website\"},\"datePublished\":\"2025-01-17T09:49:52+00:00\",\"dateModified\":\"2025-03-16T09:39:32+00:00\",\"description\":\"Tasuta transport tuha viimisel ja m\u00e4lestuskivide toomisel teieni Mandri-Eestis kulleriga, saartel pakiautomaati. Free transportation for sending cremains and receiving memorial stones via postal service.\",\"breadcrumb\":{\"@id\":\"https:\\\/\\\/malestuskivid.ee\\\/ostukorv\\\/#breadcrumb\"},\"inLanguage\":\"en-GB\",\"potentialAction\":[{\"@type\":\"ReadAction\",\"target\":[\"https:\\\/\\\/malestuskivid.ee\\\/ostukorv\\\/\"]}]},{\"@type\":\"BreadcrumbList\",\"@id\":\"https:\\\/\\\/malestuskivid.ee\\\/ostukorv\\\/#breadcrumb\",\"itemListElement\":[{\"@type\":\"ListItem\",\"position\":1,\"name\":\"Home\",\"item\":\"https:\\\/\\\/malestuskivid.ee\\\/\"},{\"@type\":\"ListItem\",\"position\":2,\"name\":\"Ostukorv\"}]},{\"@type\":\"WebSite\",\"@id\":\"https:\\\/\\\/malestuskivid.ee\\\/#website\",\"url\":\"https:\\\/\\\/malestuskivid.ee\\\/\",\"name\":\"M\u00e4lestuskivid\",\"description\":\"veebileht\",\"publisher\":{\"@id\":\"https:\\\/\\\/malestuskivid.ee\\\/#organization\"},\"potentialAction\":[{\"@type\":\"SearchAction\",\"target\":{\"@type\":\"EntryPoint\",\"urlTemplate\":\"https:\\\/\\\/malestuskivid.ee\\\/?s={search_term_string}\"},\"query-input\":{\"@type\":\"PropertyValueSpecification\",\"valueRequired\":true,\"valueName\":\"search_term_string\"}}],\"inLanguage\":\"en-GB\"},{\"@type\":\"Organization\",\"@id\":\"https:\\\/\\\/malestuskivid.ee\\\/#organization\",\"name\":\"M\u00e4lestuskivid\",\"url\":\"https:\\\/\\\/malestuskivid.ee\\\/\",\"logo\":{\"@type\":\"ImageObject\",\"inLanguage\":\"en-GB\",\"@id\":\"https:\\\/\\\/malestuskivid.ee\\\/#\\\/schema\\\/logo\\\/image\\\/\",\"url\":\"\",\"contentUrl\":\"\",\"caption\":\"M\u00e4lestuskivid\"},\"image\":{\"@id\":\"https:\\\/\\\/malestuskivid.ee\\\/#\\\/schema\\\/logo\\\/image\\\/\"}}]}<\/script>\n<!-- \/ Yoast SEO plugin. -->","yoast_head_json":{"title":"Ostukorv - M\u00e4lestuskivid - m\u00e4lestustooted - tasuta transport","description":"Tasuta transport tuha viimisel ja m\u00e4lestuskivide toomisel teieni Mandri-Eestis kulleriga, saartel pakiautomaati. Free transportation for sending cremains and receiving memorial stones via postal service.","robots":{"index":"index","follow":"follow","max-snippet":"max-snippet:-1","max-image-preview":"max-image-preview:large","max-video-preview":"max-video-preview:-1"},"canonical":"https:\/\/malestuskivid.ee\/en\/ostukorv\/","og_locale":"en_GB","og_type":"article","og_title":"Ostukorv - M\u00e4lestuskivid - m\u00e4lestustooted - tasuta transport","og_description":"Tasuta transport tuha viimisel ja m\u00e4lestuskivide toomisel teieni Mandri-Eestis kulleriga, saartel pakiautomaati. Free transportation for sending cremains and receiving memorial stones via postal service.","og_url":"https:\/\/malestuskivid.ee\/en\/ostukorv\/","og_site_name":"M\u00e4lestuskivid","article_modified_time":"2025-03-16T09:39:32+00:00","og_image":[{"width":500,"height":500,"url":"https:\/\/malestuskivid.ee\/wp-content\/uploads\/2025\/01\/cropped-malestuskivid_signatuur.png","type":"image\/png"}],"twitter_card":"summary_large_image","twitter_misc":{"Estimated reading time":"1 minute"},"schema":{"@context":"https:\/\/schema.org","@graph":[{"@type":"WebPage","@id":"https:\/\/malestuskivid.ee\/ostukorv\/","url":"https:\/\/malestuskivid.ee\/ostukorv\/","name":"Ostukorv - M\u00e4lestuskivid - m\u00e4lestustooted - tasuta transport","isPartOf":{"@id":"https:\/\/malestuskivid.ee\/#website"},"datePublished":"2025-01-17T09:49:52+00:00","dateModified":"2025-03-16T09:39:32+00:00","description":"Tasuta transport tuha viimisel ja m\u00e4lestuskivide toomisel teieni Mandri-Eestis kulleriga, saartel pakiautomaati. Free transportation for sending cremains and receiving memorial stones via postal service.","breadcrumb":{"@id":"https:\/\/malestuskivid.ee\/ostukorv\/#breadcrumb"},"inLanguage":"en-GB","potentialAction":[{"@type":"ReadAction","target":["https:\/\/malestuskivid.ee\/ostukorv\/"]}]},{"@type":"BreadcrumbList","@id":"https:\/\/malestuskivid.ee\/ostukorv\/#breadcrumb","itemListElement":[{"@type":"ListItem","position":1,"name":"Home","item":"https:\/\/malestuskivid.ee\/"},{"@type":"ListItem","position":2,"name":"Ostukorv"}]},{"@type":"WebSite","@id":"https:\/\/malestuskivid.ee\/#website","url":"https:\/\/malestuskivid.ee\/","name":"M\u00e4lestuskivid","description":"veebileht","publisher":{"@id":"https:\/\/malestuskivid.ee\/#organization"},"potentialAction":[{"@type":"SearchAction","target":{"@type":"EntryPoint","urlTemplate":"https:\/\/malestuskivid.ee\/?s={search_term_string}"},"query-input":{"@type":"PropertyValueSpecification","valueRequired":true,"valueName":"search_term_string"}}],"inLanguage":"en-GB"},{"@type":"Organization","@id":"https:\/\/malestuskivid.ee\/#organization","name":"M\u00e4lestuskivid","url":"https:\/\/malestuskivid.ee\/","logo":{"@type":"ImageObject","inLanguage":"en-GB","@id":"https:\/\/malestuskivid.ee\/#\/schema\/logo\/image\/","url":"","contentUrl":"","caption":"M\u00e4lestuskivid"},"image":{"@id":"https:\/\/malestuskivid.ee\/#\/schema\/logo\/image\/"}}]}},"_links":{"self":[{"href":"https:\/\/malestuskivid.ee\/en\/wp-json\/wp\/v2\/pages\/1845","targetHints":{"allow":["GET"]}}],"collection":[{"href":"https:\/\/malestuskivid.ee\/en\/wp-json\/wp\/v2\/pages"}],"about":[{"href":"https:\/\/malestuskivid.ee\/en\/wp-json\/wp\/v2\/types\/page"}],"author":[{"embeddable":true,"href":"https:\/\/malestuskivid.ee\/en\/wp-json\/wp\/v2\/users\/1"}],"replies":[{"embeddable":true,"href":"https:\/\/malestuskivid.ee\/en\/wp-json\/wp\/v2\/comments?post=1845"}],"version-history":[{"count":1,"href":"https:\/\/malestuskivid.ee\/en\/wp-json\/wp\/v2\/pages\/1845\/revisions"}],"predecessor-version":[{"id":1848,"href":"https:\/\/malestuskivid.ee\/en\/wp-json\/wp\/v2\/pages\/1845\/revisions\/1848"}],"wp:attachment":[{"href":"https:\/\/malestuskivid.ee\/en\/wp-json\/wp\/v2\/media?parent=1845"}],"curies":[{"name":"wp","href":"https:\/\/api.w.org\/{rel}","templated":true}]}}